{"id":10808,"date":"2015-05-16T17:02:27","date_gmt":"2015-05-16T15:02:27","guid":{"rendered":"http:\/\/\/aselegk.com\/?page_id=10808"},"modified":"2021-03-19T15:38:26","modified_gmt":"2021-03-19T14:38:26","slug":"tavling","status":"publish","type":"page","link":"https:\/\/aselegk.com\/?page_id=10808","title":{"rendered":"T\u00e4vlingar"},"content":{"rendered":"<p>[et_pb_section fb_built=&#8221;1&#8243; _builder_version=&#8221;4.4.1&#8243;][et_pb_row _builder_version=&#8221;4.4.1&#8243;][et_pb_column type=&#8221;4_4&#8243; _builder_version=&#8221;4.4.1&#8243;][et_pb_text _builder_version=&#8221;4.8.2&#8243; _module_preset=&#8221;default&#8221; hover_enabled=&#8221;0&#8243; sticky_enabled=&#8221;0&#8243;]<\/p>\n<h1><strong>T\u00e4vlingsprogram 2021<\/strong><\/h1>\n<p>Inte \u00e4nnu sammanst\u00e4llt, nedan kan ni se f\u00f6rra \u00e5rets.<\/p>\n<p>[\/et_pb_text][et_pb_image src=&#8221;https:\/\/aselegk.com\/wp-content\/uploads\/2020\/03\/T\u00c4VLINGSPROGRAM-2020NYA-1-scaled.jpg&#8221; _builder_version=&#8221;4.4.1&#8243; border_width_all=&#8221;1px&#8221; box_shadow_style=&#8221;preset1&#8243;][\/et_pb_image][\/et_pb_column][\/et_pb_row][\/et_pb_section]<\/p>\n","protected":false},"excerpt":{"rendered":"<p>T\u00e4vlingsprogram 2021 Inte \u00e4nnu sammanst\u00e4llt, nedan kan ni se f\u00f6rra \u00e5rets.<\/p>\n","protected":false},"author":544492,"featured_media":0,"parent":0,"menu_order":0,"comment_status":"open","ping_status":"closed","template":"","meta":{"_et_pb_use_builder":"on","_et_pb_old_content":"","_et_gb_content_width":"","footnotes":""},"class_list":["post-10808","page","type-page","status-publish","hentry"],"_links":{"self":[{"href":"https:\/\/aselegk.com\/index.php?rest_route=\/wp\/v2\/pages\/10808","targetHints":{"allow":["GET"]}}],"collection":[{"href":"https:\/\/aselegk.com\/index.php?rest_route=\/wp\/v2\/pages"}],"about":[{"href":"https:\/\/aselegk.com\/index.php?rest_route=\/wp\/v2\/types\/page"}],"author":[{"embeddable":true,"href":"https:\/\/aselegk.com\/index.php?rest_route=\/wp\/v2\/users\/544492"}],"replies":[{"embeddable":true,"href":"https:\/\/aselegk.com\/index.php?rest_route=%2Fwp%2Fv2%2Fcomments&post=10808"}],"version-history":[{"count":33,"href":"https:\/\/aselegk.com\/index.php?rest_route=\/wp\/v2\/pages\/10808\/revisions"}],"predecessor-version":[{"id":12056,"href":"https:\/\/aselegk.com\/index.php?rest_route=\/wp\/v2\/pages\/10808\/revisions\/12056"}],"wp:attachment":[{"href":"https:\/\/aselegk.com\/index.php?rest_route=%2Fwp%2Fv2%2Fmedia&parent=10808"}],"curies":[{"name":"wp","href":"https:\/\/api.w.org\/{rel}","templated":true}]}}