{"id":10822,"date":"2015-05-16T18:17:20","date_gmt":"2015-05-16T16:17:20","guid":{"rendered":"http:\/\/\/aselegk.com\/?page_id=10822"},"modified":"2023-03-05T00:46:26","modified_gmt":"2023-03-04T23:46:26","slug":"banoversikt","status":"publish","type":"page","link":"https:\/\/aselegk.com\/?page_id=10822","title":{"rendered":"Ban\u00f6versikt"},"content":{"rendered":"<p><a href='https:\/\/aselegk.com\/wp-content\/uploads\/2022\/06\/ASELE_GK_Course_Men-4.pdf' class='small-button smallgreen' target=\"_blank\">Slopetabell Herr<\/a> <a href='https:\/\/aselegk.com\/wp-content\/uploads\/2022\/06\/ASELE_GK_Course_Women-4.pdf' class='small-button smallgreen' target=\"_blank\">Slopetabell Dam<\/a> <a href='https:\/\/aselegk.com\/wp-content\/uploads\/2023\/03\/scorekort-9-h\u251cNl1024_1.jpg' class='small-button smallgreen' target=\"_blank\">Scorekort<\/a><\/p>\n<h1 style=\"font-style: normal;\">H\u00e5l 1\/10<\/h1>\n<p style=\"text-align: left;\"><strong>Par 4, 340\/295 Index 3\/4<\/strong><img loading=\"lazy\" decoding=\"async\" class=\" size-full wp-image-10843 alignright\" src=\"http:\/\/\/aselegk.com\/wp-content\/uploads\/2015\/05\/1.jpg\" alt=\"1\" width=\"255\" height=\"259\" srcset=\"https:\/\/aselegk.com\/wp-content\/uploads\/2015\/05\/1.jpg 255w, https:\/\/aselegk.com\/wp-content\/uploads\/2015\/05\/1-53x53.jpg 53w\" sizes=\"(max-width: 255px) 100vw, 255px\" \/><\/p>\n<p style=\"text-align: left;\">Ett kr\u00e4vande h\u00e5l. En ondulerad fairway med vatten p\u00e5 b\u00e5da sidor. Se upp f\u00f6r vattnet p\u00e5 v\u00e4nster sida, spara drivern till utslaget p\u00e5 h\u00e5l 2\/11. Inspelet mot den &#8221;grunda&#8221; upph\u00f6jda greenen kr\u00e4ver precision.<\/p>\n<p style=\"text-align: left;\">H\u00e5lsponsor: Logscom AB<\/p>\n<p><img decoding=\"async\" class=\"lightbox\" src=\"https:\/\/aselegk.com\/wp-content\/uploads\/2015\/05\/ban\u00f6versikt1.png\" \/><\/p>\n<h1 style=\"font-style: normal;\">H\u00e5l 2\/11<\/h1>\n<p style=\"text-align: left;\"><strong>Par 5, \u00a0464\/380 Index 9\/10<img loading=\"lazy\" decoding=\"async\" class=\" size-full wp-image-10846 alignright\" src=\"http:\/\/\/aselegk.com\/wp-content\/uploads\/2015\/05\/2.jpg\" alt=\"2\" width=\"255\" height=\"169\" \/><\/strong>Dogleg h\u00f6ger med vatten till h\u00f6ger. Klar birdie-chans f\u00f6r den l\u00e5ngtsl\u00e5ende. Greenen ligger uppe p\u00e5 en backe s\u00e5 avv\u00e4g l\u00e4ngden p\u00e5 inspelet noga.<\/p>\n<p style=\"text-align: left;\">H\u00e5lsponsor: JTR Lining AB, Bil Dahl AB<\/p>\n<h1 style=\"font-style: normal;\">H\u00e5l 3\/12<\/h1>\n<p style=\"text-align: left;\"><strong>Par 3, \u00a0139\/127 \u00a0index 13\/14<img loading=\"lazy\" decoding=\"async\" class=\" size-full wp-image-10847 alignright\" src=\"http:\/\/\/aselegk.com\/wp-content\/uploads\/2015\/05\/3.jpg\" alt=\"3\" width=\"255\" height=\"239\" \/><\/strong>H\u00e5lets sv\u00e5righetsgrad avg\u00f6rs till stor del av flaggplaceringen. T\u00e4nk dock p\u00e5 att utrymmet bakom greenen \u00e4r v\u00e4ldigt litet. Njut ocks\u00e5 av utsikten innan du sl\u00e5r ut, har du lika tur f\u00e5r du se en bj\u00f6rn p\u00e5 myren!<\/p>\n<p style=\"text-align: left;\">H\u00e5lsponsor: \u00c5sele Kraft AB<\/p>\n<h1 style=\"font-style: normal;\">H\u00e5l 4\/13<\/h1>\n<p style=\"text-align: left;\"><strong>Par 4, \u00a0354\/303 index 5\/6<a href=\"http:\/\/\/aselegk.com\/wp-content\/uploads\/2015\/05\/4.jpg\"><img loading=\"lazy\" decoding=\"async\" class=\" size-full wp-image-10848 alignright\" src=\"http:\/\/\/aselegk.com\/wp-content\/uploads\/2015\/05\/4.jpg\" alt=\"4\" width=\"255\" height=\"173\" \/><\/a><\/strong>Dogleg h\u00f6ger med vatten till h\u00f6ger. Klar birdie-chans f\u00f6r den l\u00e5ngtsl\u00e5ende. Greenen ligger uppe p\u00e5 en backe s\u00e5 avv\u00e4g l\u00e4ngden p\u00e5 inspelet noga.<\/p>\n<p style=\"text-align: left;\">H\u00e5lsponsor: North Grade AB<\/p>\n<h1 style=\"font-style: normal;\">H\u00e5l 5\/14<\/h1>\n<p style=\"text-align: left;\"><strong>Par 4, \u00a0374\/335 index 1\/2<img loading=\"lazy\" decoding=\"async\" class=\" size-full wp-image-10849 alignright\" src=\"http:\/\/\/aselegk.com\/wp-content\/uploads\/2015\/05\/5.jpg\" alt=\"5\" width=\"255\" height=\"352\" srcset=\"https:\/\/aselegk.com\/wp-content\/uploads\/2015\/05\/5.jpg 255w, https:\/\/aselegk.com\/wp-content\/uploads\/2015\/05\/5-217x300.jpg 217w\" sizes=\"(max-width: 255px) 100vw, 255px\" \/><\/strong>H\u00e5lets sv\u00e5righetsgrad avg\u00f6rs till stor del av flaggplaceringen. T\u00e4nk dock p\u00e5 att utrymmet bakom greenen \u00e4r v\u00e4ldigt litet. Njut ocks\u00e5 av utsikten innan du sl\u00e5r ut, har du lika tur som v\u00e5r Pro s\u00e5 f\u00e5r du se en bj\u00f6rn p\u00e5 myren!<\/p>\n<p style=\"text-align: left;\">H\u00e5lsponsor: \u00c5sele Marknad, Magnussons transport i Ramsele AB<\/p>\n<h1 style=\"font-style: normal;\">H\u00e5l 6\/15<\/h1>\n<p style=\"text-align: left;\"><strong>Par 4, \u00a0302\/266 index 7\/8<\/strong><img loading=\"lazy\" decoding=\"async\" class=\" size-full wp-image-11033 alignright\" src=\"http:\/\/\/aselegk.com\/wp-content\/uploads\/2015\/05\/H\u00e5l6.jpg\" alt=\"H\u00e5l6\" width=\"255\" height=\"270\" \/>Dogleg v\u00e4nster. Den f\u00f6rsiktige siktar mot kyrktornet vid horisonten. Den v\u00e5gade sl\u00e5r sn\u00e4vt till v\u00e4nster och genar \u00f6ver skogskanten. Smal, djup green med skog till v\u00e4nster.<\/p>\n<p style=\"text-align: left;\">H\u00e5lsponsor: Westman AB, \u00c5MV Production AB<\/p>\n<h1 style=\"font-style: normal;\">H\u00e5l 7\/16<\/h1>\n<p style=\"text-align: left;\"><strong>Par 5, \u00a0431\/362 index 17\/18<\/strong><img loading=\"lazy\" decoding=\"async\" class=\" size-full wp-image-10851 alignright\" src=\"http:\/\/\/aselegk.com\/wp-content\/uploads\/2015\/05\/7.jpg\" alt=\"7\" width=\"255\" height=\"178\" \/>H\u00e5let lockar till ett f\u00f6rs\u00f6k p\u00e5 en eagle. Vatten l\u00e4ngs hela h\u00f6gersidan. Se upp vid utslaget f\u00f6r &#8221;skogs \u00f6n&#8221; mitt i fairway. Greenen \u00e4r stor och inbjudande, bunker p\u00e5 v\u00e4nster sida.<\/p>\n<p style=\"text-align: left;\">H\u00e5lsponsor: Malux Sweden AB, \u00c5sele N\u00e4ringslivsstiftelse<\/p>\n<h1 style=\"font-style: normal;\">H\u00e5l 8\/17<\/h1>\n<p style=\"text-align: left;\"><strong>Par 3, \u00a0162\/135 index 11\/12<\/strong> <img loading=\"lazy\" decoding=\"async\" class=\" size-full wp-image-10852 alignright\" src=\"http:\/\/\/aselegk.com\/wp-content\/uploads\/2015\/05\/8.jpg\" alt=\"8\" width=\"255\" height=\"259\" srcset=\"https:\/\/aselegk.com\/wp-content\/uploads\/2015\/05\/8.jpg 255w, https:\/\/aselegk.com\/wp-content\/uploads\/2015\/05\/8-53x53.jpg 53w\" sizes=\"(max-width: 255px) 100vw, 255px\" \/>Vatten kort till v\u00e4nster. H\u00e5let ser inte mycket ut f\u00f6r v\u00e4rlden men \u00e4r r\u00e4tt knivigt, \u00e4r vinden ett problem? Bunkrar p\u00e5 b\u00e5da sidor om green.<\/p>\n<p style=\"text-align: left;\">H\u00e5lsponsor: Norra Skog<\/p>\n<h1 style=\"font-style: normal;\">H\u00e5l 9\/18<\/h1>\n<p style=\"text-align: left;\"><strong>Par 4, \u00a0275\/243 index 15\/16<\/strong><img loading=\"lazy\" decoding=\"async\" class=\" size-full wp-image-10853 alignright\" src=\"http:\/\/\/aselegk.com\/wp-content\/uploads\/2015\/05\/9.jpg\" alt=\"9\" width=\"255\" height=\"168\" \/>Smal fairway med lada mitt i och skog l\u00e4ngs sidorna. Ett l\u00e5ngt rakt utslag b\u00e4ddar f\u00f6r en birdie. Greenen \u00e4r stor och omgiven av bunkrar. Ett fint inspel eller en s\u00e4nkt birdieputt bel\u00f6nas med appl\u00e5der fr\u00e5n altanen p\u00e5 klubbhuset.<\/p>\n<p style=\"text-align: left;\">H\u00e5lsponsor: N\u00e4slundsv\u00e4g AB, Value &amp; Friends<\/p>\n","protected":false},"excerpt":{"rendered":"<p>H\u00e5l 1\/10 Par 4, 340\/295 Index 3\/4 Ett kr\u00e4vande h\u00e5l. En ondulerad fairway med vatten p\u00e5 b\u00e5da sidor. Se upp f\u00f6r vattnet p\u00e5 v\u00e4nster sida, spara drivern till utslaget p\u00e5 h\u00e5l 2\/11. Inspelet mot den &#8221;grunda&#8221; upph\u00f6jda greenen kr\u00e4ver precision. H\u00e5lsponsor: Logscom AB H\u00e5l 2\/11 Par 5, \u00a0464\/380 Index 9\/10Dogleg h\u00f6ger med vatten till h\u00f6ger. [&hellip;]<\/p>\n","protected":false},"author":544492,"featured_media":0,"parent":0,"menu_order":0,"comment_status":"open","ping_status":"closed","template":"","meta":{"_et_pb_use_builder":"","_et_pb_old_content":"","_et_gb_content_width":"","footnotes":""},"class_list":["post-10822","page","type-page","status-publish","hentry"],"_links":{"self":[{"href":"https:\/\/aselegk.com\/index.php?rest_route=\/wp\/v2\/pages\/10822","targetHints":{"allow":["GET"]}}],"collection":[{"href":"https:\/\/aselegk.com\/index.php?rest_route=\/wp\/v2\/pages"}],"about":[{"href":"https:\/\/aselegk.com\/index.php?rest_route=\/wp\/v2\/types\/page"}],"author":[{"embeddable":true,"href":"https:\/\/aselegk.com\/index.php?rest_route=\/wp\/v2\/users\/544492"}],"replies":[{"embeddable":true,"href":"https:\/\/aselegk.com\/index.php?rest_route=%2Fwp%2Fv2%2Fcomments&post=10822"}],"version-history":[{"count":31,"href":"https:\/\/aselegk.com\/index.php?rest_route=\/wp\/v2\/pages\/10822\/revisions"}],"predecessor-version":[{"id":13072,"href":"https:\/\/aselegk.com\/index.php?rest_route=\/wp\/v2\/pages\/10822\/revisions\/13072"}],"wp:attachment":[{"href":"https:\/\/aselegk.com\/index.php?rest_route=%2Fwp%2Fv2%2Fmedia&parent=10822"}],"curies":[{"name":"wp","href":"https:\/\/api.w.org\/{rel}","templated":true}]}}