{"id":10856,"date":"2015-06-10T17:30:11","date_gmt":"2015-06-10T15:30:11","guid":{"rendered":"http:\/\/\/aselegk.com\/?page_id=10856"},"modified":"2024-05-17T00:32:17","modified_gmt":"2024-05-16T22:32:17","slug":"10856-2","status":"publish","type":"page","link":"https:\/\/aselegk.com\/?page_id=10856","title":{"rendered":"Klubben\/Historik"},"content":{"rendered":"<p>[et_pb_section fb_built=&#8221;1&#8243; _builder_version=&#8221;4.16&#8243; background_image=&#8221;https:\/\/aselegk.com\/wp-content\/uploads\/2015\/05\/1073988237.jpg&#8221; min_height=&#8221;600px&#8221; global_colors_info=&#8221;{}&#8221;][et_pb_row column_structure=&#8221;1_2,1_2&#8243; _builder_version=&#8221;4.16&#8243; global_colors_info=&#8221;{}&#8221;][et_pb_column type=&#8221;1_2&#8243; _builder_version=&#8221;4.16&#8243; global_colors_info=&#8221;{}&#8221;][et_pb_text _builder_version=&#8221;4.16&#8243; header_font=&#8221;|800|||||||&#8221; header_text_color=&#8221;#ffffff&#8221; header_font_size=&#8221;49px&#8221; global_colors_info=&#8221;{}&#8221;]<\/p>\n<h1>Historik och klubbhuset<\/h1>\n<p>[\/et_pb_text][\/et_pb_column][et_pb_column type=&#8221;1_2&#8243; _builder_version=&#8221;4.16&#8243; background_enable_image=&#8221;off&#8221; global_colors_info=&#8221;{}&#8221;][et_pb_image src=&#8221;https:\/\/aselegk.com\/wp-content\/uploads\/2015\/06\/2_1023887351.gif&#8221; _builder_version=&#8221;4.16&#8243; hover_enabled=&#8221;0&#8243; border_width_all=&#8221;1px&#8221; box_shadow_style=&#8221;preset2&#8243; global_colors_info=&#8221;{}&#8221; sticky_enabled=&#8221;0&#8243;][\/et_pb_image][\/et_pb_column][\/et_pb_row][\/et_pb_section][et_pb_section fb_built=&#8221;1&#8243; _builder_version=&#8221;4.16&#8243; global_colors_info=&#8221;{}&#8221;][et_pb_row column_structure=&#8221;1_2,1_2&#8243; _builder_version=&#8221;4.16&#8243; global_colors_info=&#8221;{}&#8221;][et_pb_column type=&#8221;1_2&#8243; _builder_version=&#8221;4.16&#8243; global_colors_info=&#8221;{}&#8221;][et_pb_text _builder_version=&#8221;4.16&#8243; header_font=&#8221;||||||||&#8221; background_size=&#8221;initial&#8221; background_position=&#8221;top_left&#8221; background_repeat=&#8221;repeat&#8221; global_colors_info=&#8221;{}&#8221;]<\/p>\n<h1>Klubben<\/h1>\n<p>Klubben bildades 1989 efter ett \u00e5r av f\u00f6rberedelser. Fram till invigning av f\u00f6rsta 9 h\u00e5len 1994 byggdes och installerades bevattning och att en \u00f6vningsbana med 4 h\u00e5l f\u00e4rdigst\u00e4lldes.<\/p>\n<p>Conny Wikstr\u00f6m fr\u00e5n Finnsp\u00e5ng anst\u00e4lldes som f\u00f6rste PRO och lyfte intresset och utbildningen f\u00f6r golf p\u00e5 orten till en h\u00f6g niv\u00e5. Intresset f\u00f6r golf var h\u00f6gt i b\u00f6rjan av \u00e5r 2000 och klubben beslutade att bygga ut till 18 h\u00e5l som invigdes 2004.<\/p>\n<p>Tyv\u00e4rr dalade intresset f\u00f6r golf i hela Sverige och \u00e4ven i \u00c5sele efter utbyggnaden vilket medf\u00f6rde mindre greenfee g\u00e4ster och f\u00e4rre medlemmar i klubben. Detta medf\u00f6rde att klubben beslutade 2015 att l\u00e4gga 9 h\u00e5l i tr\u00e4da och spela p\u00e5 9 h\u00e5l f\u00f6r att kunna erbjuda en attraktiv och fin golfbana f\u00f6r medlemmar och g\u00e4stspelare.<\/p>\n<p>[\/et_pb_text][\/et_pb_column][et_pb_column type=&#8221;1_2&#8243; _builder_version=&#8221;4.16&#8243; global_colors_info=&#8221;{}&#8221;][et_pb_text _builder_version=&#8221;4.25.1&#8243; hover_enabled=&#8221;0&#8243; global_colors_info=&#8221;{}&#8221; sticky_enabled=&#8221;0&#8243;]<\/p>\n<h1>Klubbhuset<\/h1>\n<p>Klubbhuset \u00e4r ett hus som \u00e4gdes av Sune R\u00e5dstr\u00f6ms f\u00f6rf\u00e4der. N\u00e4r banan<br \/>skulle byggas var detta hus knappt synligt fr\u00e5n flygf\u00e4ltet, det var<br \/>v\u00e4ldigt mycket sly. Kommunen s\u00e5lde huset och marken runt klubbhuset till<br \/>Golfklubben.\u00a0 Vi rensade bort slyn p\u00e5 omr\u00e5det och fram tr\u00e4dde ett<br \/>v\u00e4ldigt v\u00e4lbyggt hus som vi sedan i b\u00f6rjan p\u00e5 1990-talet restaurerade<br \/>s\u00e5v\u00e4l ut- som inv\u00e4ndigt. Vi byggde sedermera till en altan. Huset fyller<br \/>sin funktion v\u00e4l och vi har kontor, v\u00e4lutrustat cafe samt p\u00e5<br \/>\u00f6verv\u00e5ningen ett fint samlingsrum och ytterligare ett rum f\u00f6r mindre<br \/>sammankomster. Vi har tillg\u00e5ng till v\u00e4l fungerande internet via fiber.<\/p>\n<p>Vi byggde en maskinhall och ett par \u00f6verbyggda garage i anslutning till<br \/>klubbhuset och fick ocks\u00e5 ta r\u00e4tt p\u00e5 tv\u00e5 byggnader hos kommunen som hade<br \/>fungerat som \u00e4ldreboenden. I dessa gjorde vi i ordning omkl\u00e4dningsrum<br \/>f\u00f6r vardera damer och herrar i den ena byggnaden och i den andra<br \/>personalutrymmen samt ett rum med dator f\u00f6r styrning av v\u00e5r<br \/>bevattningsanl\u00e4ggning.<\/p>\n<p>[\/et_pb_text][et_pb_image _builder_version=&#8221;4.25.1&#8243; _module_preset=&#8221;default&#8221; title_text=&#8221;1073988496&#8243; src=&#8221;https:\/\/aselegk.com\/wp-content\/uploads\/2015\/05\/1073988496.jpg&#8221; hover_enabled=&#8221;0&#8243; sticky_enabled=&#8221;0&#8243;][\/et_pb_image][\/et_pb_column][\/et_pb_row][\/et_pb_section]<\/p>\n","protected":false},"excerpt":{"rendered":"<p>Historik och klubbhusetKlubben Klubben bildades 1989 efter ett \u00e5r av f\u00f6rberedelser. Fram till invigning av f\u00f6rsta 9 h\u00e5len 1994 byggdes och installerades bevattning och att en \u00f6vningsbana med 4 h\u00e5l f\u00e4rdigst\u00e4lldes. Conny Wikstr\u00f6m fr\u00e5n Finnsp\u00e5ng anst\u00e4lldes som f\u00f6rste PRO och lyfte intresset och utbildningen f\u00f6r golf p\u00e5 orten till en h\u00f6g niv\u00e5. Intresset f\u00f6r golf [&hellip;]<\/p>\n","protected":false},"author":544492,"featured_media":0,"parent":0,"menu_order":0,"comment_status":"open","ping_status":"closed","template":"","meta":{"_et_pb_use_builder":"on","_et_pb_old_content":"<p>\u00a0<\/p><p>KLUBBHUSET!<a href=\"http:\/\/\/aselegk.com\/wp-content\/uploads\/2015\/06\/1_1023887351.jpg\"><img class=\" size-full wp-image-10862 alignright\" src=\"http:\/\/\/aselegk.com\/wp-content\/uploads\/2015\/06\/1_1023887351.jpg\" alt=\"1_1023887351\" width=\"255\" height=\"173\" \/><\/a><\/p><p>Bilden visar klubbhuset och putting green.<\/p><p><a href=\"http:\/\/\/aselegk.com\/wp-content\/uploads\/2015\/06\/2_1023887351.gif\"><img class=\"alignnone size-full wp-image-10863\" src=\"http:\/\/\/aselegk.com\/wp-content\/uploads\/2015\/06\/2_1023887351.gif\" alt=\"2_1023887351\" width=\"170\" height=\"292\" \/><\/a><\/p><p><strong>HISTORIK<\/strong><\/p><p>Klubben bildades 1989 efter ett \u00e5r av f\u00f6rberedelser.<\/p><p>Fram till invigning av f\u00f6rsta 9 h\u00e5len 1994 byggdes och installerades bevattning och att en \u00f6vningsbana med 4 h\u00e5l f\u00e4rdigst\u00e4lldes.<\/p><p>Conny Wikstr\u00f6m fr\u00e5n Finnsp\u00e5ng anst\u00e4lldes som f\u00f6rste PRO och lyfte intresset och utbildningen f\u00f6r golf p\u00e5 orten till en h\u00f6g niv\u00e5.<\/p><p>Intresset f\u00f6r golf var h\u00f6gt i b\u00f6rjan av \u00e5r 2000 och klubben beslutade att bygga ut till 18 h\u00e5l som invigdes 2004.<\/p><p>Tyv\u00e4rr dalade intresset f\u00f6r golf i hela Sverige och \u00e4ven i \u00c5sele efter utbyggnaden vilket medf\u00f6rde mindre greenfee g\u00e4ster och f\u00e4rre medlemmar i klubben.<\/p><p>Detta medf\u00f6rde att klubben beslutade 2015 att l\u00e4gga 9 h\u00e5l i tr\u00e4da och spela p\u00e5 9 h\u00e5l f\u00f6r att kunna erbjuda en attraktiv och fin golfbana f\u00f6r medlemmar och g\u00e4stspelare.<\/p><p>\u00c5sele Nya Golfklubb<\/p><p>\u00a0<\/p>","_et_gb_content_width":"","footnotes":""},"class_list":["post-10856","page","type-page","status-publish","hentry"],"_links":{"self":[{"href":"https:\/\/aselegk.com\/index.php?rest_route=\/wp\/v2\/pages\/10856","targetHints":{"allow":["GET"]}}],"collection":[{"href":"https:\/\/aselegk.com\/index.php?rest_route=\/wp\/v2\/pages"}],"about":[{"href":"https:\/\/aselegk.com\/index.php?rest_route=\/wp\/v2\/types\/page"}],"author":[{"embeddable":true,"href":"https:\/\/aselegk.com\/index.php?rest_route=\/wp\/v2\/users\/544492"}],"replies":[{"embeddable":true,"href":"https:\/\/aselegk.com\/index.php?rest_route=%2Fwp%2Fv2%2Fcomments&post=10856"}],"version-history":[{"count":42,"href":"https:\/\/aselegk.com\/index.php?rest_route=\/wp\/v2\/pages\/10856\/revisions"}],"predecessor-version":[{"id":14992,"href":"https:\/\/aselegk.com\/index.php?rest_route=\/wp\/v2\/pages\/10856\/revisions\/14992"}],"wp:attachment":[{"href":"https:\/\/aselegk.com\/index.php?rest_route=%2Fwp%2Fv2%2Fmedia&parent=10856"}],"curies":[{"name":"wp","href":"https:\/\/api.w.org\/{rel}","templated":true}]}}