{"id":10883,"date":"2015-06-23T18:49:43","date_gmt":"2015-06-23T16:49:43","guid":{"rendered":"http:\/\/\/aselegk.com\/?page_id=10883"},"modified":"2025-05-04T01:43:50","modified_gmt":"2025-05-03T23:43:50","slug":"styrelse-komitteer","status":"publish","type":"page","link":"https:\/\/aselegk.com\/?page_id=10883","title":{"rendered":"Styrelse &#038; Kommitt\u00e9er"},"content":{"rendered":"<p>[et_pb_section fb_built=&#8221;1&#8243; _builder_version=&#8221;4.16&#8243; background_image=&#8221;https:\/\/aselegk.com\/wp-content\/uploads\/2020\/01\/dylan-gillis-KdeqA3aTnBY-unsplash-1.jpg&#8221; global_colors_info=&#8221;{}&#8221;][et_pb_row column_structure=&#8221;1_2,1_2&#8243; _builder_version=&#8221;4.27.4&#8243; global_colors_info=&#8221;{}&#8221;][et_pb_column type=&#8221;1_2&#8243; _builder_version=&#8221;4.16&#8243; global_colors_info=&#8221;{}&#8221;][et_pb_text admin_label=&#8221;Rubrik&#8221; _builder_version=&#8221;4.27.4&#8243; header_font=&#8221;|800|||||||&#8221; header_text_color=&#8221;#ffffff&#8221; header_font_size=&#8221;49px&#8221; global_colors_info=&#8221;{}&#8221;]<\/p>\n<h1>Styrelse<\/h1>\n<p>[\/et_pb_text][\/et_pb_column][et_pb_column type=&#8221;1_2&#8243; _builder_version=&#8221;4.16&#8243; background_enable_image=&#8221;off&#8221; global_colors_info=&#8221;{}&#8221;][\/et_pb_column][\/et_pb_row][\/et_pb_section][et_pb_section fb_built=&#8221;1&#8243; _builder_version=&#8221;4.16&#8243; global_colors_info=&#8221;{}&#8221;][et_pb_row column_structure=&#8221;1_2,1_2&#8243; _builder_version=&#8221;4.27.4&#8243; background_size=&#8221;initial&#8221; background_position=&#8221;top_left&#8221; background_repeat=&#8221;repeat&#8221; width=&#8221;800px&#8221; global_colors_info=&#8221;{}&#8221;][et_pb_column type=&#8221;1_2&#8243; _builder_version=&#8221;4.16&#8243; custom_padding=&#8221;|||&#8221; global_colors_info=&#8221;{}&#8221; custom_padding__hover=&#8221;|||&#8221;][et_pb_text _builder_version=&#8221;4.27.4&#8243; background_size=&#8221;initial&#8221; background_position=&#8221;top_left&#8221; background_repeat=&#8221;repeat&#8221; global_colors_info=&#8221;{}&#8221;]<\/p>\n<h2><a>Styrelsen<\/a><\/h2>\n<p><strong>Vice Ordf\u00f6rande:\u00a0<\/strong>Lars-Ove Markeby<\/p>\n<p><strong>Sekreterare\/Ledamot: <\/strong>Kent Jonsson<\/p>\n<p><strong>Adjungerad kass\u00f6r:\u00a0<\/strong>Anders Westman<\/p>\n<p><strong>Ledamot:\u00a0<\/strong>Sten Appelkvist<\/p>\n<p><strong>Ledamot: <\/strong>Tomas Edstr\u00f6m<\/p>\n<p><strong>Ledamot:\u00a0<\/strong>H\u00e5kan Mattson<\/p>\n<p><strong>Ledamot:<\/strong> Margaretha Hansson<\/p>\n<p><strong>Ledamot:<\/strong> Maria Jonsson<\/p>\n<p><strong>Suppleant:<\/strong> Fred Oscarsson<\/p>\n<p>[\/et_pb_text][\/et_pb_column][et_pb_column type=&#8221;1_2&#8243; _builder_version=&#8221;4.16&#8243; custom_padding=&#8221;|||&#8221; global_colors_info=&#8221;{}&#8221; custom_padding__hover=&#8221;|||&#8221;][et_pb_text _builder_version=&#8221;4.27.4&#8243; header_2_line_height=&#8221;1.8em&#8221; hover_enabled=&#8221;0&#8243; global_colors_info=&#8221;{}&#8221; sticky_enabled=&#8221;0&#8243;]<\/p>\n<p><strong>Intresseanm\u00e4lan till kansliet<\/strong><\/p>\n<p>Ni som \u00e4r intresserade av att hj\u00e4lpa till i klubben h\u00f6r g\u00e4rna av er till kansliet. 070-662 22 76, 070-238 96 53 eller mail info@aselegk.com<\/p>\n<p>[\/et_pb_text][et_pb_image _builder_version=&#8221;4.27.4&#8243; _module_preset=&#8221;default&#8221; title_text=&#8221;helping&#8221; src=&#8221;https:\/\/aselegk.com\/wp-content\/uploads\/2025\/05\/helping.jpg&#8221; hover_enabled=&#8221;0&#8243; sticky_enabled=&#8221;0&#8243;][\/et_pb_image][\/et_pb_column][\/et_pb_row][et_pb_row _builder_version=&#8221;4.16&#8243; global_colors_info=&#8221;{}&#8221;][et_pb_column type=&#8221;4_4&#8243; _builder_version=&#8221;4.16&#8243; global_colors_info=&#8221;{}&#8221;][\/et_pb_column][\/et_pb_row][\/et_pb_section]<\/p>\n","protected":false},"excerpt":{"rendered":"<p>StyrelseStyrelsen Vice Ordf\u00f6rande:\u00a0Lars-Ove Markeby Sekreterare\/Ledamot: Kent Jonsson Adjungerad kass\u00f6r:\u00a0Anders Westman Ledamot:\u00a0Sten Appelkvist Ledamot: Tomas Edstr\u00f6m Ledamot:\u00a0H\u00e5kan Mattson Ledamot: Margaretha Hansson Ledamot: Maria Jonsson Suppleant: Fred OscarssonIntresseanm\u00e4lan till kansliet Ni som \u00e4r intresserade av att hj\u00e4lpa till i klubben h\u00f6r g\u00e4rna av er till kansliet. 070-662 22 76, 070-238 96 53 eller mail info@aselegk.com<\/p>\n","protected":false},"author":544492,"featured_media":0,"parent":0,"menu_order":0,"comment_status":"open","ping_status":"closed","template":"","meta":{"_et_pb_use_builder":"on","_et_pb_old_content":"<p>\u00a0<\/p><h2><a>STYRELSEN<\/a><\/h2><p><strong>Ordf\u00f6rande<\/strong>Anders Westmananders@westmanab.se<\/p><p><strong>Vice Ordf\u00f6rande<\/strong>Ulf Lindahlulf.lindahl@hotmail.com<\/p><p><strong>Sekreterare<\/strong>Margareta Hanssonmaggan.hansson@ktv.asele.se<\/p><p><strong>Ledamot <\/strong>Runar Fj\u00e4llstr\u00f6mrunarfjallstrom@yahoo.se<\/p><p><strong>Ledamot<\/strong>Tomas Edstr\u00f6mtomas@edstromsakeri.com<\/p><h2><a>KOMMIT\u00c9ER<\/a><\/h2><p><strong>Seniorkommitt\u00e9n<\/strong><\/p><p><strong>Intresseanm\u00e4lan till kansliet<\/strong><\/p><p><strong>Bankommitt\u00e9n<\/strong>Stefan H\u00e4gglund, Lars-\u00c5ke Ingelsson, Svante Hansson, Gunnar Sandstr\u00f6m, Hans Almroth<\/p><p><strong>Juniorkommitt\u00e9n:<\/strong><\/p><p><strong>Intresseanm\u00e4lan till kansliet<\/strong><\/p><p><strong>T\u00e4vlingskommitt\u00e9n<\/strong>Margareta Hansson, sammankallande, Margareta Vestman Grundstr\u00f6m, Maggie Markusson<\/p><p><strong>Utbildningskommitt\u00e9n<\/strong>Margareta Hansson sammankallande, Margareta Vestman Grundstr\u00f6m<\/p><p><strong>Servicekommitt\u00e9n<\/strong><\/p><p><strong>Intresseanm\u00e4lan till kansliet<\/strong><\/p><h2>Ni som \u00e4r intresserade av att hj\u00e4lpa till i klubben h\u00f6r g\u00e4rna av er till kansliet<\/h2><p>\u00a0\u00a0\u00a0\u00a0\u00a0\u00a0\u00a0\u00a0\u00a0<\/p>","_et_gb_content_width":"","footnotes":""},"class_list":["post-10883","page","type-page","status-publish","hentry"],"_links":{"self":[{"href":"https:\/\/aselegk.com\/index.php?rest_route=\/wp\/v2\/pages\/10883","targetHints":{"allow":["GET"]}}],"collection":[{"href":"https:\/\/aselegk.com\/index.php?rest_route=\/wp\/v2\/pages"}],"about":[{"href":"https:\/\/aselegk.com\/index.php?rest_route=\/wp\/v2\/types\/page"}],"author":[{"embeddable":true,"href":"https:\/\/aselegk.com\/index.php?rest_route=\/wp\/v2\/users\/544492"}],"replies":[{"embeddable":true,"href":"https:\/\/aselegk.com\/index.php?rest_route=%2Fwp%2Fv2%2Fcomments&post=10883"}],"version-history":[{"count":67,"href":"https:\/\/aselegk.com\/index.php?rest_route=\/wp\/v2\/pages\/10883\/revisions"}],"predecessor-version":[{"id":15339,"href":"https:\/\/aselegk.com\/index.php?rest_route=\/wp\/v2\/pages\/10883\/revisions\/15339"}],"wp:attachment":[{"href":"https:\/\/aselegk.com\/index.php?rest_route=%2Fwp%2Fv2%2Fmedia&parent=10883"}],"curies":[{"name":"wp","href":"https:\/\/api.w.org\/{rel}","templated":true}]}}