{"id":11065,"date":"2016-04-21T09:08:57","date_gmt":"2016-04-21T07:08:57","guid":{"rendered":"http:\/\/\/aselegk.com\/?page_id=11065"},"modified":"2021-03-19T15:53:13","modified_gmt":"2021-03-19T14:53:13","slug":"sponsorer","status":"publish","type":"page","link":"https:\/\/aselegk.com\/?page_id=11065","title":{"rendered":"Sponsorer"},"content":{"rendered":"<p>[et_pb_section fb_built=&#8221;1&#8243; _builder_version=&#8221;4.8.2&#8243; background_image=&#8221;https:\/\/aselegk.com\/wp-content\/uploads\/2015\/05\/1073988237.jpg&#8221; hover_enabled=&#8221;0&#8243; min_height=&#8221;400px&#8221; sticky_enabled=&#8221;0&#8243;][et_pb_row _builder_version=&#8221;4.2.2&#8243; width=&#8221;95%&#8221; max_width=&#8221;1980px&#8221; module_alignment=&#8221;center&#8221; hover_enabled=&#8221;0&#8243; sticky_enabled=&#8221;0&#8243;][et_pb_column type=&#8221;4_4&#8243; _builder_version=&#8221;4.2.2&#8243; hover_enabled=&#8221;0&#8243; sticky_enabled=&#8221;0&#8243;][et_pb_text _builder_version=&#8221;4.8.2&#8243; _module_preset=&#8221;default&#8221; header_text_color=&#8221;#FFFFFF&#8221; header_font_size=&#8221;46px&#8221; header_line_height=&#8221;1.4em&#8221; hover_enabled=&#8221;0&#8243; sticky_enabled=&#8221;0&#8243;]<\/p>\n<h1 style=\"text-align: center;\"><strong>Vi vill tacka de f\u00f6retag och personer som p\u00e5 olika s\u00e4tt gjort denna golfklubb m\u00f6jlig.<\/strong><\/h1>\n<p>[\/et_pb_text][\/et_pb_column][\/et_pb_row][\/et_pb_section][et_pb_section fb_built=&#8221;1&#8243; _builder_version=&#8221;3.22&#8243;][et_pb_row column_structure=&#8221;3_5,2_5&#8243; _builder_version=&#8221;4.2.2&#8243;][et_pb_column type=&#8221;3_5&#8243; _builder_version=&#8221;4.2.2&#8243;][et_pb_text _builder_version=&#8221;4.8.2&#8243;]<\/p>\n<h3><strong>\u00a0Alla sponsorer 2020<\/strong><\/h3>\n<p>AB Br\u00f6derna Edstr\u00f6ms \u00c5keri AB &#8211;\u00a0Assistansk\u00e5ren \u00c5sele &#8211;\u00a0Axaeco Pet Products &#8211;\u00a0Bengtssons El i \u00c5sele AB &#8211;\u00a0Borer Stolphus &#8211;\u00a0Colorama\/\u00c5sele F\u00e4rghandel &#8211;\u00a0Danske Bank &#8211; Eagle Masters &#8211;\u00a0Enersteds \u00c5keri &#8211;\u00a0Ernst &amp; Young AB &#8211;\u00a0F:a Hans Almroth &#8211;\u00a0Vilhelmina Taxi AB &#8211;\u00a0Vinstor AB &#8211;\u00a0Genb\u00e4cks Plantskola AB &#8211;\u00a0Gigsele Transport &#8211;\u00a0Lakasj\u00f6 Transporter AB &#8211;\u00a0Handelsbanken &#8211;\u00a0Hellstr\u00f6ms Busstrafik AB &#8211;\u00a0Holmen Skog AB &#8211;\u00a0ICA N\u00e4ra &#8211;\u00a0Inge-Bo Agerh\u00e4ll Redovisning &#8211;\u00a0Inlandsfrakt AB &#8211;\u00a0JTR Lining AB &#8211;\u00a0KMG i \u00c5sele AB &#8211;\u00a0Lappland Trpt.\/Gods &amp; Taxi &#8211;\u00a0LB Intressenter &#8211;\u00a0L\u00e4nsf\u00f6rs\u00e4kringar V\u00e4sterbotten &#8211;\u00a0VariTryck AB &#8211;\u00a0LHS Maskiner AB &#8211;\u00a0Lions Club \u00c5sele &#8211;\u00a0Lycksele Bildemontering &#8211;\u00a0Maggans Ekonomitj\u00e4nster AB &#8211;\u00a0Mikael Ternest\u00e5l Pellets &#8211;\u00a0TIAB &#8211;\u00a0Imtec &#8211; N\u00e4slunds v\u00e4g AB &#8211; OK\/Q8 \u00c5sele &#8211; OK\/Q8 Vilhelmina &#8211;\u00a0Radio &amp; TV Center &#8211;\u00a0R\u00e5dstr\u00f6ms Potatis &#8211;\u00a0Sl\u00e4pvagnar i \u00c5sele AB &#8211; Markussons Skogsteknik AB &#8211;\u00a0Timra AB &#8211;\u00a0Varpsj\u00f6 Elservice AB &#8211; Vattenfall Vindkraft AB &#8211; WestMan AB &#8211; Winbergs Transport AB &#8211; \u00c5lrajt &#8211; \u00c5sele Energiverk AB &#8211; \u00c5sele Grillen &#8211; BJ\u00c5:s Byggservice &#8211; \u00c5sele kommun, Fritidskontoret &#8211; \u00c5sele Kraft AB &#8211; \u00c5sele N\u00e4ringslivsstiftelse &#8211; \u00c5selepartiet &#8211; \u00c5sele Vulk AB<\/p>\n<p>[\/et_pb_text][\/et_pb_column][et_pb_column type=&#8221;2_5&#8243; _builder_version=&#8221;4.2.2&#8243; background_color=&#8221;#eaeaea&#8221; custom_padding=&#8221;20px|20px|20px|20px|false|false&#8221; border_width_all=&#8221;1px&#8221; border_color_all=&#8221;#afafaf&#8221; box_shadow_style=&#8221;preset1&#8243; box_shadow_spread=&#8221;-6px&#8221;][et_pb_text _builder_version=&#8221;4.2.2&#8243;]<\/p>\n<h3>Vill du hj\u00e4lpa oss?<\/h3>\n<p>Hj\u00e4lp oss att skapa en klubb alla trivs p\u00e5. Vi tar tacksamt emot hj\u00e4lp b\u00e5de i form av ideella arbete och pengar. Vi har en rad olika avtal vi kan erbjuda.<\/p>\n<p>Fyll i formul\u00e4ret s\u00e5 tar vi kontakt med dig.<\/p>\n<p>[\/et_pb_text][et_pb_contact_form email=&#8221;info@aselegk.com&#8221; custom_message=&#8221;Hej||et_pb_line_break_holder||Jag \u00e4r intresserad av att hj\u00e4lpa \u00c5sele GK||et_pb_line_break_holder||Kan ni kontakta mig?||et_pb_line_break_holder||||et_pb_line_break_holder||%%name%%||et_pb_line_break_holder||%%foretag%%||et_pb_line_break_holder||%%Tele%%||et_pb_line_break_holder||||et_pb_line_break_holder||%%message%%||et_pb_line_break_holder||||et_pb_line_break_holder||&#8221; submit_button_text=&#8221;Kontakta mig!&#8221; _builder_version=&#8221;4.2.2&#8243; custom_button=&#8221;on&#8221; button_text_color=&#8221;#686868&#8243; button_bg_color=&#8221;#ededed&#8221;][et_pb_contact_field field_id=&#8221;Name&#8221; field_title=&#8221;Namn&#8221; _builder_version=&#8221;4.2.2&#8243; button_text_size__hover_enabled=&#8221;off&#8221; button_one_text_size__hover_enabled=&#8221;off&#8221; button_two_text_size__hover_enabled=&#8221;off&#8221; button_text_color__hover_enabled=&#8221;off&#8221; button_one_text_color__hover_enabled=&#8221;off&#8221; button_two_text_color__hover_enabled=&#8221;off&#8221; button_border_width__hover_enabled=&#8221;off&#8221; button_one_border_width__hover_enabled=&#8221;off&#8221; button_two_border_width__hover_enabled=&#8221;off&#8221; button_border_color__hover_enabled=&#8221;off&#8221; button_one_border_color__hover_enabled=&#8221;off&#8221; button_two_border_color__hover_enabled=&#8221;off&#8221; button_border_radius__hover_enabled=&#8221;off&#8221; button_one_border_radius__hover_enabled=&#8221;off&#8221; button_two_border_radius__hover_enabled=&#8221;off&#8221; button_letter_spacing__hover_enabled=&#8221;off&#8221; button_one_letter_spacing__hover_enabled=&#8221;off&#8221; button_two_letter_spacing__hover_enabled=&#8221;off&#8221; button_bg_color__hover_enabled=&#8221;off&#8221; button_one_bg_color__hover_enabled=&#8221;off&#8221; button_two_bg_color__hover_enabled=&#8221;off&#8221;][\/et_pb_contact_field][et_pb_contact_field field_id=&#8221;foretag&#8221; field_title=&#8221;Ev f\u00f6retag&#8221; required_mark=&#8221;off&#8221; fullwidth_field=&#8221;on&#8221; _builder_version=&#8221;4.2.2&#8243;][\/et_pb_contact_field][et_pb_contact_field field_id=&#8221;Tele&#8221; field_title=&#8221;Telefon&#8221; fullwidth_field=&#8221;on&#8221; _builder_version=&#8221;4.2.2&#8243;][\/et_pb_contact_field][et_pb_contact_field field_id=&#8221;Message&#8221; field_title=&#8221;Ev meddelande&#8221; field_type=&#8221;text&#8221; required_mark=&#8221;off&#8221; fullwidth_field=&#8221;on&#8221; _builder_version=&#8221;4.2.2&#8243; button_text_size__hover_enabled=&#8221;off&#8221; button_one_text_size__hover_enabled=&#8221;off&#8221; button_two_text_size__hover_enabled=&#8221;off&#8221; button_text_color__hover_enabled=&#8221;off&#8221; button_one_text_color__hover_enabled=&#8221;off&#8221; button_two_text_color__hover_enabled=&#8221;off&#8221; button_border_width__hover_enabled=&#8221;off&#8221; button_one_border_width__hover_enabled=&#8221;off&#8221; button_two_border_width__hover_enabled=&#8221;off&#8221; button_border_color__hover_enabled=&#8221;off&#8221; button_one_border_color__hover_enabled=&#8221;off&#8221; button_two_border_color__hover_enabled=&#8221;off&#8221; button_border_radius__hover_enabled=&#8221;off&#8221; button_one_border_radius__hover_enabled=&#8221;off&#8221; button_two_border_radius__hover_enabled=&#8221;off&#8221; button_letter_spacing__hover_enabled=&#8221;off&#8221; button_one_letter_spacing__hover_enabled=&#8221;off&#8221; button_two_letter_spacing__hover_enabled=&#8221;off&#8221; button_bg_color__hover_enabled=&#8221;off&#8221; button_one_bg_color__hover_enabled=&#8221;off&#8221; button_two_bg_color__hover_enabled=&#8221;off&#8221;][\/et_pb_contact_field][\/et_pb_contact_form][\/et_pb_column][\/et_pb_row][\/et_pb_section]<\/p>\n","protected":false},"excerpt":{"rendered":"<p>Vi vill tacka de f\u00f6retag och personer som p\u00e5 olika s\u00e4tt gjort denna golfklubb m\u00f6jlig.\u00a0Alla sponsorer 2020 AB Br\u00f6derna Edstr\u00f6ms \u00c5keri AB &#8211;\u00a0Assistansk\u00e5ren \u00c5sele &#8211;\u00a0Axaeco Pet Products &#8211;\u00a0Bengtssons El i \u00c5sele AB &#8211;\u00a0Borer Stolphus &#8211;\u00a0Colorama\/\u00c5sele F\u00e4rghandel &#8211;\u00a0Danske Bank &#8211; Eagle Masters &#8211;\u00a0Enersteds \u00c5keri &#8211;\u00a0Ernst &amp; Young AB &#8211;\u00a0F:a Hans Almroth &#8211;\u00a0Vilhelmina Taxi AB &#8211;\u00a0Vinstor AB [&hellip;]<\/p>\n","protected":false},"author":544492,"featured_media":0,"parent":0,"menu_order":0,"comment_status":"open","ping_status":"closed","template":"","meta":{"_et_pb_use_builder":"on","_et_pb_old_content":"<h1>TACK!<\/h1><p>Vi vill tacka de f\u00f6retag och personer som p\u00e5 olika s\u00e4tt gjort denna golfklubb m\u00f6jlig.<\/p><h3>H\u00e5lsponsorer<\/h3><p><a href=\"http:\/\/\/aselegk.com\/wp-content\/uploads\/2014\/04\/axaeco.jpg\"><img class=\"alignnone size-full wp-image-10659\" src=\"http:\/\/\/aselegk.com\/wp-content\/uploads\/2014\/04\/axaeco.jpg\" alt=\"axaeco\" width=\"133\" height=\"133\" \/><\/a>\u00a0<a href=\"http:\/\/\/aselegk.com\/wp-content\/uploads\/2014\/04\/westman.jpg\"><img class=\"alignnone size-full wp-image-10657\" src=\"http:\/\/\/aselegk.com\/wp-content\/uploads\/2014\/04\/westman.jpg\" alt=\"westman\" width=\"133\" height=\"133\" \/><\/a>\u00a0<a href=\"http:\/\/\/aselegk.com\/wp-content\/uploads\/2014\/04\/okq8.jpg\"><img class=\"alignnone size-full wp-image-10656\" src=\"http:\/\/\/aselegk.com\/wp-content\/uploads\/2014\/04\/okq8.jpg\" alt=\"okq8\" width=\"133\" height=\"133\" \/><\/a>\u00a0<a href=\"http:\/\/\/aselegk.com\/wp-content\/uploads\/2014\/04\/naslunds.jpg\"><img class=\"alignnone size-full wp-image-10655\" src=\"http:\/\/\/aselegk.com\/wp-content\/uploads\/2014\/04\/naslunds.jpg\" alt=\"naslunds\" width=\"133\" height=\"133\" \/><\/a>\u00a0<a href=\"http:\/\/\/aselegk.com\/wp-content\/uploads\/2014\/04\/maggans.jpg\"><img class=\"alignnone size-full wp-image-10654\" src=\"http:\/\/\/aselegk.com\/wp-content\/uploads\/2014\/04\/maggans.jpg\" alt=\"maggans\" width=\"133\" height=\"133\" \/><\/a>\u00a0<a href=\"http:\/\/\/aselegk.com\/wp-content\/uploads\/2014\/04\/jtrlining.jpg\"><img class=\"alignnone size-full wp-image-10653\" src=\"http:\/\/\/aselegk.com\/wp-content\/uploads\/2014\/04\/jtrlining.jpg\" alt=\"jtrlining\" width=\"133\" height=\"133\" \/><\/a>\u00a0<a href=\"http:\/\/\/aselegk.com\/wp-content\/uploads\/2014\/04\/inlandsfrakt.jpg\"><img class=\"alignnone size-full wp-image-10652\" src=\"http:\/\/\/aselegk.com\/wp-content\/uploads\/2014\/04\/inlandsfrakt.jpg\" alt=\"inlandsfrakt\" width=\"133\" height=\"133\" \/><\/a>\u00a0<a href=\"http:\/\/\/aselegk.com\/wp-content\/uploads\/2014\/04\/imtech.jpg\"><img class=\"alignnone size-full wp-image-10651\" src=\"http:\/\/\/aselegk.com\/wp-content\/uploads\/2014\/04\/imtech.jpg\" alt=\"imtech\" width=\"133\" height=\"133\" \/><\/a>\u00a0<a href=\"http:\/\/\/aselegk.com\/wp-content\/uploads\/2014\/04\/ica.jpg\"><img class=\"alignnone size-full wp-image-10650\" src=\"http:\/\/\/aselegk.com\/wp-content\/uploads\/2014\/04\/ica.jpg\" alt=\"ica\" width=\"133\" height=\"133\" \/><\/a>\u00a0<a href=\"http:\/\/\/aselegk.com\/wp-content\/uploads\/2014\/04\/fritidskontoret.jpg\"><img class=\"alignnone size-full wp-image-10648\" src=\"http:\/\/\/aselegk.com\/wp-content\/uploads\/2014\/04\/fritidskontoret.jpg\" alt=\"fritidskontoret\" width=\"133\" height=\"133\" \/><\/a>\u00a0<a href=\"http:\/\/\/aselegk.com\/wp-content\/uploads\/2014\/04\/aselekraft.jpg\"><img class=\"alignnone size-full wp-image-10647\" src=\"http:\/\/\/aselegk.com\/wp-content\/uploads\/2014\/04\/aselekraft.jpg\" alt=\"\u00c5sele Kraft AB\" width=\"133\" height=\"133\" \/><\/a>\u00a0<a href=\"http:\/\/\/aselegk.com\/wp-content\/uploads\/2014\/04\/ans.jpg\"><img class=\"alignnone size-full wp-image-10646\" src=\"http:\/\/\/aselegk.com\/wp-content\/uploads\/2014\/04\/ans.jpg\" alt=\"ans\" width=\"133\" height=\"133\" \/><\/a>\u00a0<a href=\"http:\/\/\/aselegk.com\/wp-content\/uploads\/2016\/04\/gafseleg\u00e5rd-loggo.jpg\"><img class=\"alignnone size-large wp-image-11080\" src=\"http:\/\/\/aselegk.com\/wp-content\/uploads\/2016\/04\/gafseleg\u00e5rd-loggo.jpg\" alt=\"gafseleg\u00e5rd-loggo\" width=\"133\" height=\"133\" \/><\/a> <a href=\"http:\/\/\/aselegk.com\/wp-content\/uploads\/2016\/04\/lhs-loggo.jpg\"><img class=\"alignnone size-large wp-image-11081\" src=\"http:\/\/\/aselegk.com\/wp-content\/uploads\/2016\/04\/lhs-loggo.jpg\" alt=\"lhs-loggo\" width=\"133\" height=\"133\" \/><\/a> <a href=\"http:\/\/\/aselegk.com\/wp-content\/uploads\/2016\/04\/\u00e5seleg\u00e5rd-loggo.jpg\"><img class=\"alignnone size-large wp-image-11082\" src=\"http:\/\/\/aselegk.com\/wp-content\/uploads\/2016\/04\/\u00e5seleg\u00e5rd-loggo.jpg\" alt=\"\u00e5seleg\u00e5rd-loggo\" width=\"133\" height=\"133\" \/><\/a>\u00a0<a href=\"http:\/\/\/aselegk.com\/wp-content\/uploads\/2014\/07\/saknas.jpg\"><img class=\"alignnone size-full wp-image-10670\" src=\"http:\/\/\/aselegk.com\/wp-content\/uploads\/2014\/07\/saknas.jpg\" alt=\"saknas\" width=\"133\" height=\"133\" \/><\/a><\/p><h3>Alla\u00a0sponsorer<\/h3><p>AB Br\u00f6derna Edstr\u00f6ms \u00c5keri AB -\u00a0Assistansk\u00e5ren \u00c5sele -\u00a0Axaeco Pet Products -\u00a0Bengtssons El i \u00c5sele AB -\u00a0Borer Stolphus -\u00a0Colorama\/\u00c5sele F\u00e4rghandel -\u00a0Danske Bank - Eagle Masters -\u00a0Enersteds \u00c5keri -\u00a0Ernst & Young AB -\u00a0F:a Hans Almroth -\u00a0Vilhelmina Taxi AB -\u00a0Vinstor AB -\u00a0Genb\u00e4cks Plantskola AB -\u00a0Gigsele Transport -\u00a0Lakasj\u00f6 Transporter AB -\u00a0Handelsbanken -\u00a0Hellstr\u00f6ms Busstrafik AB -\u00a0Holmen Skog AB -\u00a0ICA N\u00e4ra -\u00a0Inge-Bo Agerh\u00e4ll Redovisning -\u00a0Inlandsfrakt AB -\u00a0JTR Lining AB -\u00a0KMG i \u00c5sele AB -\u00a0Lappland Trpt.\/Gods & Taxi -\u00a0LB Intressenter -\u00a0L\u00e4nsf\u00f6rs\u00e4kringar V\u00e4sterbotten -\u00a0VariTryck AB -\u00a0LHS Maskiner AB -\u00a0Lions Club \u00c5sele -\u00a0Lycksele Bildemontering -\u00a0Maggans Ekonomitj\u00e4nster AB -\u00a0Mikael Ternest\u00e5l Pellets -\u00a0TIAB -\u00a0Imtec - N\u00e4slunds v\u00e4g AB - OK\/Q8 \u00c5sele - OK\/Q8 Vilhelmina -\u00a0Radio & TV Center -\u00a0R\u00e5dstr\u00f6ms Potatis -\u00a0Sl\u00e4pvagnar i \u00c5sele AB - Markussons Skogsteknik AB -\u00a0Timra AB -\u00a0Varpsj\u00f6 Elservice AB - Vattenfall Vindkraft AB - WestMan AB - Winbergs Transport AB - \u00c5lrajt - \u00c5sele Energiverk AB - \u00c5sele Grillen - BJ\u00c5:s Byggservice - \u00c5sele kommun, Fritidskontoret - \u00c5sele Kraft AB - \u00c5sele N\u00e4ringslivsstiftelse - \u00c5selepartiet - \u00c5sele Vulk AB<\/p>","_et_gb_content_width":"","footnotes":""},"class_list":["post-11065","page","type-page","status-publish","hentry"],"_links":{"self":[{"href":"https:\/\/aselegk.com\/index.php?rest_route=\/wp\/v2\/pages\/11065","targetHints":{"allow":["GET"]}}],"collection":[{"href":"https:\/\/aselegk.com\/index.php?rest_route=\/wp\/v2\/pages"}],"about":[{"href":"https:\/\/aselegk.com\/index.php?rest_route=\/wp\/v2\/types\/page"}],"author":[{"embeddable":true,"href":"https:\/\/aselegk.com\/index.php?rest_route=\/wp\/v2\/users\/544492"}],"replies":[{"embeddable":true,"href":"https:\/\/aselegk.com\/index.php?rest_route=%2Fwp%2Fv2%2Fcomments&post=11065"}],"version-history":[{"count":28,"href":"https:\/\/aselegk.com\/index.php?rest_route=\/wp\/v2\/pages\/11065\/revisions"}],"predecessor-version":[{"id":12075,"href":"https:\/\/aselegk.com\/index.php?rest_route=\/wp\/v2\/pages\/11065\/revisions\/12075"}],"wp:attachment":[{"href":"https:\/\/aselegk.com\/index.php?rest_route=%2Fwp%2Fv2%2Fmedia&parent=11065"}],"curies":[{"name":"wp","href":"https:\/\/api.w.org\/{rel}","templated":true}]}}