{"id":11701,"date":"2020-03-18T15:33:28","date_gmt":"2020-03-18T14:33:28","guid":{"rendered":"https:\/\/aselegk.com\/?page_id=11701"},"modified":"2025-05-05T01:13:25","modified_gmt":"2025-05-04T23:13:25","slug":"golfhaftet","status":"publish","type":"page","link":"https:\/\/aselegk.com\/?page_id=11701","title":{"rendered":"Golfh\u00e4ftet"},"content":{"rendered":"<p>[et_pb_section fb_built=&#8221;1&#8243; _builder_version=&#8221;4.16&#8243; global_colors_info=&#8221;{}&#8221;][et_pb_row column_structure=&#8221;1_2,1_2&#8243; _builder_version=&#8221;4.16&#8243; global_colors_info=&#8221;{}&#8221;][et_pb_column type=&#8221;1_2&#8243; _builder_version=&#8221;4.16&#8243; global_colors_info=&#8221;{}&#8221;][et_pb_text _builder_version=&#8221;4.27.4&#8243; hover_enabled=&#8221;0&#8243; global_colors_info=&#8221;{}&#8221; sticky_enabled=&#8221;0&#8243;]<\/p>\n<h2>B\u00e4ste medlem!<\/h2>\n<p>Med Golfh\u00e4ftet f\u00e5r du mer Golf f\u00f6r pengarna. \u00d6ver 950 banor \u00e4r anslutna i Europa och p\u00e5 dessa f\u00e5r du som kortinnehavaren 50% rabatt p\u00e5 ordinarie greenfee. H\u00e4r hittar du de golfbanor d\u00e4r du kan spela, <a href=\"https:\/\/www.golfhaftet.com\/sv\/golfbanor\/\" target=\"_blank\" rel=\"noopener\">https:\/\/www.golfhaftet.com\/sv\/golfbanor\/<\/a><\/p>\n<p><strong>Du st\u00f6djer klubben genom att best\u00e4lla Golfh\u00e4ftet direkt av oss!<\/strong><\/p>\n<p>K\u00f6per du Golfh\u00e4ftet inkl PLUS s\u00e5 f\u00e5r du m\u00f6jlighet att spela hur mycket du vill till 50% rabatt p\u00e5 de banor som erbjuder PLUS tider. Tiderna d\u00e5 PLUS g\u00e4ller, publiceras p\u00e5 <a href=\"https:\/\/www.golfhaftet.com\/sv\/plus\/tider\/\" target=\"_blank\" rel=\"noopener\">https:\/\/www.golfhaftet.com\/sv\/plus\/tider\/<\/a> eller i Golfh\u00e4ftets App. Golfh\u00e4ftet PLUS k\u00f6per du till f\u00f6r 199 kronor.<\/p>\n<p>Du best\u00e4ller enkelt genom att fylla i formul\u00e4ret h\u00e4r till h\u00f6ger.<br \/>Har du fr\u00e5gor kontakta klubbens kansli 076 126 77 35<\/p>\n<p>[\/et_pb_text][\/et_pb_column][et_pb_column type=&#8221;1_2&#8243; _builder_version=&#8221;4.16&#8243; global_colors_info=&#8221;{}&#8221;][et_pb_text _builder_version=&#8221;4.16&#8243; global_colors_info=&#8221;{}&#8221;]<\/p>\n<div id=\"golfhaftet\"><\/div>\n<p><script>\n\tvar golfhaftet = {\n\t\tclubId: 386,\n\t\thash: 'f5f71820fe6b484d2f78335719e2164e'\n\t};\n<\/script><br \/>\n<script src=\"https:\/\/www.golfhaftet.com\/admin-gc\/golfclub\/index.js\" crossorigin=\"anonymous\"><\/script>[\/et_pb_text][\/et_pb_column][\/et_pb_row][\/et_pb_section]<\/p>\n","protected":false},"excerpt":{"rendered":"<p>B\u00e4ste medlem! Med Golfh\u00e4ftet f\u00e5r du mer Golf f\u00f6r pengarna. \u00d6ver 950 banor \u00e4r anslutna i Europa och p\u00e5 dessa f\u00e5r du som kortinnehavaren 50% rabatt p\u00e5 ordinarie greenfee. H\u00e4r hittar du de golfbanor d\u00e4r du kan spela, https:\/\/www.golfhaftet.com\/sv\/golfbanor\/ Du st\u00f6djer klubben genom att best\u00e4lla Golfh\u00e4ftet direkt av oss! K\u00f6per du Golfh\u00e4ftet inkl PLUS s\u00e5 [&hellip;]<\/p>\n","protected":false},"author":544492,"featured_media":0,"parent":0,"menu_order":0,"comment_status":"closed","ping_status":"closed","template":"","meta":{"_et_pb_use_builder":"on","_et_pb_old_content":"","_et_gb_content_width":"","footnotes":""},"class_list":["post-11701","page","type-page","status-publish","hentry"],"_links":{"self":[{"href":"https:\/\/aselegk.com\/index.php?rest_route=\/wp\/v2\/pages\/11701","targetHints":{"allow":["GET"]}}],"collection":[{"href":"https:\/\/aselegk.com\/index.php?rest_route=\/wp\/v2\/pages"}],"about":[{"href":"https:\/\/aselegk.com\/index.php?rest_route=\/wp\/v2\/types\/page"}],"author":[{"embeddable":true,"href":"https:\/\/aselegk.com\/index.php?rest_route=\/wp\/v2\/users\/544492"}],"replies":[{"embeddable":true,"href":"https:\/\/aselegk.com\/index.php?rest_route=%2Fwp%2Fv2%2Fcomments&post=11701"}],"version-history":[{"count":7,"href":"https:\/\/aselegk.com\/index.php?rest_route=\/wp\/v2\/pages\/11701\/revisions"}],"predecessor-version":[{"id":15375,"href":"https:\/\/aselegk.com\/index.php?rest_route=\/wp\/v2\/pages\/11701\/revisions\/15375"}],"wp:attachment":[{"href":"https:\/\/aselegk.com\/index.php?rest_route=%2Fwp%2Fv2%2Fmedia&parent=11701"}],"curies":[{"name":"wp","href":"https:\/\/api.w.org\/{rel}","templated":true}]}}