{"id":12026,"date":"2021-03-12T12:32:30","date_gmt":"2021-03-12T11:32:30","guid":{"rendered":"https:\/\/aselegk.com\/?page_id=12026"},"modified":"2025-05-27T15:55:36","modified_gmt":"2025-05-27T13:55:36","slug":"avgifter-medlemsansokan-2021","status":"publish","type":"page","link":"https:\/\/aselegk.com\/?page_id=12026","title":{"rendered":"Greenfee, medlemskap, priser 2024"},"content":{"rendered":"<p>[et_pb_section fb_built=&#8221;1&#8243; fullwidth=&#8221;on&#8221; disabled_on=&#8221;off|off|off&#8221; _builder_version=&#8221;4.16&#8243; min_height=&#8221;182px&#8221; custom_margin=&#8221;-9.5vw||||false|false&#8221; global_colors_info=&#8221;{}&#8221;][et_pb_fullwidth_header title=&#8221;Avgifter&#8221; _builder_version=&#8221;4.16&#8243; title_font=&#8221;Alegreya|700|||||||&#8221; title_text_align=&#8221;left&#8221; title_text_color=&#8221;#ffffff&#8221; title_font_size=&#8221;77px&#8221; background_image=&#8221;https:\/\/aselegk.com\/wp-content\/uploads\/2021\/03\/avgifter.jpg&#8221; min_height=&#8221;428px&#8221; custom_margin=&#8221;||||false|false&#8221; title_text_shadow_style=&#8221;preset3&#8243; title_text_shadow_blur_strength=&#8221;0.05em&#8221; global_colors_info=&#8221;{}&#8221;][\/et_pb_fullwidth_header][\/et_pb_section][et_pb_section fb_built=&#8221;1&#8243; _builder_version=&#8221;4.16&#8243; global_colors_info=&#8221;{}&#8221;][et_pb_row column_structure=&#8221;3_5,2_5&#8243; _builder_version=&#8221;4.16&#8243; global_colors_info=&#8221;{}&#8221;][et_pb_column type=&#8221;3_5&#8243; _builder_version=&#8221;4.16&#8243; global_colors_info=&#8221;{}&#8221;][et_pb_text _builder_version=&#8221;4.27.4&#8243; _module_preset=&#8221;default&#8221; global_colors_info=&#8221;{}&#8221;]<\/p>\n<h1>Medlems-\/ spelr\u00e4ttsavgifter 2024<\/h1>\n<p>[\/et_pb_text][\/et_pb_column][et_pb_column type=&#8221;2_5&#8243; _builder_version=&#8221;4.16&#8243; global_colors_info=&#8221;{}&#8221;][\/et_pb_column][\/et_pb_row][et_pb_row column_structure=&#8221;3_5,2_5&#8243; _builder_version=&#8221;4.27.4&#8243; _module_preset=&#8221;default&#8221; global_colors_info=&#8221;{}&#8221;][et_pb_column type=&#8221;3_5&#8243; _builder_version=&#8221;4.27.4&#8243; _module_preset=&#8221;default&#8221; global_colors_info=&#8221;{}&#8221;][et_pb_text admin_label=&#8221;Medlemsavgifter&#8221; _builder_version=&#8221;4.27.4&#8243; global_colors_info=&#8221;{}&#8221;]<\/p>\n<h1>\u00a0<\/h1>\n<table style=\"width: 100%; border-collapse: collapse; border-style: none; height: 176px;\" border=\"0\">\n<tbody>\n<tr style=\"background-color: #f9f9f9;\">\n<td style=\"width: 86.6109%;\"><strong>Seniorer \u00f6ver 80 \u00e5r<\/strong><\/td>\n<td style=\"width: 13.3891%; text-align: right;\">2000kr<\/td>\n<\/tr>\n<tr style=\"background-color: #ffffff;\">\n<td style=\"width: 86.6109%; height: 22px;\"><strong>Seniorer<\/strong><\/td>\n<td style=\"width: 13.3891%; height: 22px; text-align: right;\">3000kr<\/td>\n<\/tr>\n<tr style=\"background-color: #f9f9f9;\">\n<td style=\"width: 86.6109%; height: 22px;\"><strong>Juniorer 5-21\u00e5r<\/strong><\/td>\n<td style=\"width: 13.3891%; height: 22px; text-align: right;\">300kr<\/td>\n<\/tr>\n<tr style=\"background-color: #ffffff;\">\n<td style=\"width: 86.6109%; height: 22px;\"><strong>Ungdom\/yngre vuxen 22-30\u00e5r<\/strong><\/td>\n<td style=\"width: 13.3891%; height: 22px; text-align: right;\">1600kr<\/td>\n<\/tr>\n<tr style=\"background-color: #f9f9f9;\">\n<td style=\"width: 86.6109%; height: 22px;\"><strong>Ungdom\/yngre vuxen 31-40\u00e5r<\/strong><\/td>\n<td style=\"width: 13.3891%; height: 22px; text-align: right;\">2500kr<\/td>\n<\/tr>\n<tr style=\"background-color: #ffffff;\">\n<td style=\"width: 86.6109%; height: 22px;\"><strong>N\u00e4rliggande kommuner*<\/strong><\/td>\n<td style=\"width: 13.3891%; height: 22px; text-align: right;\">1600kr<\/td>\n<\/tr>\n<tr style=\"background-color: #f9f9f9;\">\n<td style=\"width: 86.6109%; height: 22px;\"><strong>Utbo inkl 2 greenfee<\/strong><\/td>\n<td style=\"width: 13.3891%; height: 22px; text-align: right;\">595kr<\/td>\n<\/tr>\n<tr style=\"background-color: #ffffff;\">\n<td style=\"width: 86.6109%; height: 22px;\"><strong>Distansmedlem utland<\/strong><\/td>\n<td style=\"width: 13.3891%; height: 22px; text-align: right;\">995kr<\/td>\n<\/tr>\n<tr style=\"background-color: #f9f9f9;\">\n<td style=\"width: 86.6109%; height: 22px;\"><strong>Vilande medlem<\/strong><\/td>\n<td style=\"width: 13.3891%; height: 22px; text-align: right;\">200kr<\/td>\n<\/tr>\n<\/tbody>\n<\/table>\n<p>*N\u00e4rliggande kommuner: Vilhelmina, Dorotea, Junsele, Lycksele, Storuman.<\/p>\n<p>[\/et_pb_text][et_pb_text admin_label=&#8221;Greenfee&#8221; _builder_version=&#8221;4.27.4&#8243; hover_enabled=&#8221;0&#8243; global_colors_info=&#8221;{}&#8221; sticky_enabled=&#8221;0&#8243;]<\/p>\n<h1>Greenfee<\/h1>\n<table style=\"width: 100%; border-collapse: collapse; border-style: none; height: 161px;\" border=\"0\">\n<tbody>\n<tr style=\"height: 23px;\">\n<td style=\"width: 50%; height: 23px;\"><strong>\u00a0<\/strong><\/td>\n<td style=\"width: 25%; text-align: right; height: 23px;\"><strong>9 h\u00e5l<\/strong><\/td>\n<td style=\"width: 25%; text-align: right; height: 23px;\"><strong>18 h\u00e5l<\/strong><\/td>\n<\/tr>\n<tr style=\"height: 23px;\">\n<td style=\"width: 50%; height: 23px;\"><strong>Greenfee avgift<\/strong><\/td>\n<td style=\"width: 25%; text-align: right; height: 23px;\">200kr<\/td>\n<td style=\"width: 25%; text-align: right; height: 23px;\">350kr<\/td>\n<\/tr>\n<tr style=\"background-color: #f9f9f9; height: 23px;\">\n<td style=\"width: 50%; height: 23px;\"><strong>Pay &amp; Play<\/strong><\/td>\n<td style=\"width: 25%; text-align: right; height: 23px;\">200kr<\/td>\n<td style=\"width: 25%; text-align: right; height: 23px;\">350kr<\/td>\n<\/tr>\n<tr style=\"height: 23px;\">\n<td style=\"width: 50%; height: 23px;\"><strong>Rangen\/bollhink<\/strong><\/td>\n<td style=\"width: 25%; text-align: right; height: 23px;\">\u00a0<\/td>\n<td style=\"width: 25%; text-align: right; height: 23px;\">20kr<\/td>\n<\/tr>\n<tr style=\"background-color: #f9f9f9;\">\n<td style=\"width: 50%; height: 23px;\"><strong>Medlemmar Ross\u00f6n GK<\/strong><\/td>\n<td style=\"width: 25%; text-align: right; height: 23px;\">\u00a0<\/td>\n<td style=\"width: 25%; text-align: right; height: 23px;\">280kr<\/td>\n<\/tr>\n<tr style=\"height: 23px;\">\n<td style=\"width: 50%; height: 23px;\"><strong>Medlemmar Veckefj\u00e4rdens GK<\/strong><\/td>\n<td style=\"width: 25%; text-align: right; height: 23px;\">\u00a0<\/td>\n<td style=\"width: 25%; text-align: right; height: 23px;\">Rabatt 200kr<\/td>\n<\/tr>\n<\/tbody>\n<\/table>\n<p>Ungdomar upp till 16 \u00e5r som tillh\u00f6r NVGF klubbar har fri greenfee.<\/p>\n<p>Betalning sker kontant i greenfee l\u00e5dan,<br \/>eller via Swish nr: 1234 175 915<\/p>\n<p>[\/et_pb_text][et_pb_text admin_label=&#8221;\u00d6vriga priser&#8221; _builder_version=&#8221;4.27.4&#8243; global_colors_info=&#8221;{}&#8221;]<\/p>\n<h1>\u00d6vriga priser<\/h1>\n<table style=\"width: 100%; border-collapse: collapse; border-style: none; height: 110px;\" border=\"0\">\n<tbody>\n<tr style=\"height: 22px;\">\n<td style=\"width: 50%; height: 22px;\"><strong>Golfbil 18 h\u00e5l <\/strong>(2 varv)<\/td>\n<td style=\"width: 50%; height: 22px; text-align: right;\">320kr<\/td>\n<\/tr>\n<tr style=\"height: 22px; background-color: #f9f9f9;\">\n<td style=\"width: 50%; height: 22px;\"><strong>Golfbil 9 h\u00e5l<\/strong><\/td>\n<td style=\"width: 50%; height: 22px; text-align: right;\">210kr<\/td>\n<\/tr>\n<tr style=\"height: 22px;\">\n<td style=\"width: 50%; height: 22px;\"><strong>Golfh\u00e4fte <\/strong><a style=\"font-family: inherit;\" href=\"https:\/\/aselegk.com\/?page_id=11701\">(L\u00e4s<\/a><a style=\"font-family: inherit;\" href=\"https:\/\/aselegk.com\/?page_id=11701\"> me<\/a><a style=\"font-family: inherit;\" href=\"https:\/\/aselegk.com\/?page_id=11701\">r&#8230;)<\/a><\/td>\n<td style=\"width: 50%; height: 22px; text-align: right;\">595kr<\/td>\n<\/tr>\n<tr style=\"height: 22px;\">\n<td style=\"width: 50%; height: 22px;\">\n<p><a href=\"https:\/\/aselegk.com\/?p=15013\">S\u00e5 h\u00e4r bokas gofbilarna &gt;&gt;<\/a><\/p>\n<p>&nbsp;<\/p>\n<h5><strong>Boende<\/strong><\/h5>\n<\/td>\n<td style=\"width: 50%; height: 22px; text-align: right;\">\u00a0<\/td>\n<\/tr>\n<tr style=\"height: 22px; background-color: #f9f9f9;\">\n<td style=\"width: 50%; height: 22px;\"><strong>Elstolpe\/dygn (Greenfeeg\u00e4ster)<\/strong><\/td>\n<td style=\"width: 50%; height: 22px; text-align: right;\">100kr<\/td>\n<\/tr>\n<tr>\n<td style=\"width: 50%;\"><strong>Elstolpe\/dygn (\u00d6vriga g\u00e4ster)<\/strong><\/td>\n<td style=\"width: 50%; text-align: right;\">150kr<\/td>\n<\/tr>\n<tr>\n<td style=\"width: 50%;\"><strong>\u00a0<\/strong><\/td>\n<td style=\"width: 50%; text-align: right;\">\u00a0<\/td>\n<\/tr>\n<tr style=\"background-color: #f9f9f9;\">\n<td style=\"width: 50%;\"><strong>Stuga\/person\/dygn (Greenfeeg\u00e4ster)<\/strong><\/td>\n<td style=\"width: 50%; text-align: right;\">100kr<\/td>\n<\/tr>\n<tr>\n<td style=\"width: 50%;\"><strong>Stuga\/person\/dygn (\u00d6vriga g\u00e4ster)<\/strong><\/td>\n<td style=\"width: 50%; text-align: right;\">200kr<\/td>\n<\/tr>\n<\/tbody>\n<\/table>\n<p>OBS! Eget s\u00e4nglinne medtas<\/p>\n<p>(Betalas vid Greenfee facket)<\/p>\n<p>Betalning sker kontant i greenfee l\u00e5dan,<br \/>eller via Swish nr: 1234 175 915<\/p>\n<p>[\/et_pb_text][\/et_pb_column][et_pb_column type=&#8221;2_5&#8243; _builder_version=&#8221;4.27.4&#8243; _module_preset=&#8221;default&#8221; global_colors_info=&#8221;{}&#8221;][et_pb_contact_form email=&#8221;info@aselegk.com&#8221; title=&#8221;Medlemsans\u00f6kan&#8221; custom_message=&#8221;Medlemsans\u00f6kan fr\u00e5n hemsidan:||et_pb_line_break_holder||||et_pb_line_break_holder||Namn: %%namn%%||et_pb_line_break_holder||E-postadress: %%epost%%||et_pb_line_break_holder||Adress: %%adress%%||et_pb_line_break_holder||Ort: %%ort%%||et_pb_line_break_holder||Postnr: %%postnr%%||et_pb_line_break_holder||Personnr: %%persnr%%||et_pb_line_break_holder||Telefon: %%telenr%%||et_pb_line_break_holder||Handicap: %%handicap%%||et_pb_line_break_holder||Ev Meddelande: %%meddelande%%&#8221; success_message=&#8221;Tack f\u00f6r din ans\u00f6kan, vi \u00e5terkommer s\u00e5 fort vi kan!&#8221; _builder_version=&#8221;4.16&#8243; _unique_id=&#8221;1192038d-cd10-4c99-9c4e-24c2564e722d&#8221; global_colors_info=&#8221;{}&#8221;][et_pb_contact_field field_id=&#8221;namn&#8221; field_title=&#8221;Namn&#8221; _builder_version=&#8221;4.16&#8243; global_colors_info=&#8221;{}&#8221; button_text_size__hover_enabled=&#8221;off&#8221; button_one_text_size__hover_enabled=&#8221;off&#8221; button_two_text_size__hover_enabled=&#8221;off&#8221; button_text_color__hover_enabled=&#8221;off&#8221; button_one_text_color__hover_enabled=&#8221;off&#8221; button_two_text_color__hover_enabled=&#8221;off&#8221; button_border_width__hover_enabled=&#8221;off&#8221; button_one_border_width__hover_enabled=&#8221;off&#8221; button_two_border_width__hover_enabled=&#8221;off&#8221; button_border_color__hover_enabled=&#8221;off&#8221; button_one_border_color__hover_enabled=&#8221;off&#8221; button_two_border_color__hover_enabled=&#8221;off&#8221; button_border_radius__hover_enabled=&#8221;off&#8221; button_one_border_radius__hover_enabled=&#8221;off&#8221; button_two_border_radius__hover_enabled=&#8221;off&#8221; button_letter_spacing__hover_enabled=&#8221;off&#8221; button_one_letter_spacing__hover_enabled=&#8221;off&#8221; button_two_letter_spacing__hover_enabled=&#8221;off&#8221; button_bg_color__hover_enabled=&#8221;off&#8221; button_one_bg_color__hover_enabled=&#8221;off&#8221; button_two_bg_color__hover_enabled=&#8221;off&#8221;][\/et_pb_contact_field][et_pb_contact_field field_id=&#8221;epost&#8221; field_title=&#8221;E-postadress&#8221; field_type=&#8221;email&#8221; _builder_version=&#8221;4.16&#8243; global_colors_info=&#8221;{}&#8221; button_text_size__hover_enabled=&#8221;off&#8221; button_one_text_size__hover_enabled=&#8221;off&#8221; button_two_text_size__hover_enabled=&#8221;off&#8221; button_text_color__hover_enabled=&#8221;off&#8221; button_one_text_color__hover_enabled=&#8221;off&#8221; button_two_text_color__hover_enabled=&#8221;off&#8221; button_border_width__hover_enabled=&#8221;off&#8221; button_one_border_width__hover_enabled=&#8221;off&#8221; button_two_border_width__hover_enabled=&#8221;off&#8221; button_border_color__hover_enabled=&#8221;off&#8221; button_one_border_color__hover_enabled=&#8221;off&#8221; button_two_border_color__hover_enabled=&#8221;off&#8221; button_border_radius__hover_enabled=&#8221;off&#8221; button_one_border_radius__hover_enabled=&#8221;off&#8221; button_two_border_radius__hover_enabled=&#8221;off&#8221; button_letter_spacing__hover_enabled=&#8221;off&#8221; button_one_letter_spacing__hover_enabled=&#8221;off&#8221; button_two_letter_spacing__hover_enabled=&#8221;off&#8221; button_bg_color__hover_enabled=&#8221;off&#8221; button_one_bg_color__hover_enabled=&#8221;off&#8221; button_two_bg_color__hover_enabled=&#8221;off&#8221;][\/et_pb_contact_field][et_pb_contact_field field_id=&#8221;adress&#8221; field_title=&#8221;Adress&#8221; fullwidth_field=&#8221;on&#8221; _builder_version=&#8221;4.16&#8243; global_colors_info=&#8221;{}&#8221;][\/et_pb_contact_field][et_pb_contact_field field_id=&#8221;postnr&#8221; field_title=&#8221;Postnr&#8221; fullwidth_field=&#8221;on&#8221; _builder_version=&#8221;4.16&#8243; global_colors_info=&#8221;{}&#8221;][\/et_pb_contact_field][et_pb_contact_field field_id=&#8221;ort&#8221; field_title=&#8221;Ort&#8221; fullwidth_field=&#8221;on&#8221; _builder_version=&#8221;4.16&#8243; global_colors_info=&#8221;{}&#8221;][\/et_pb_contact_field][et_pb_contact_field field_id=&#8221;persnr&#8221; field_title=&#8221;Personnr&#8221; fullwidth_field=&#8221;on&#8221; _builder_version=&#8221;4.16&#8243; global_colors_info=&#8221;{}&#8221;][\/et_pb_contact_field][et_pb_contact_field field_id=&#8221;telenr&#8221; field_title=&#8221;Telefon&#8221; fullwidth_field=&#8221;on&#8221; _builder_version=&#8221;4.16&#8243; global_colors_info=&#8221;{}&#8221;][\/et_pb_contact_field][et_pb_contact_field field_id=&#8221;handicap&#8221; field_title=&#8221;Handicap&#8221; fullwidth_field=&#8221;on&#8221; _builder_version=&#8221;4.16&#8243; global_colors_info=&#8221;{}&#8221;][\/et_pb_contact_field][et_pb_contact_field field_id=&#8221;meddelande&#8221; field_title=&#8221;Ev Meddelande&#8221; field_type=&#8221;text&#8221; fullwidth_field=&#8221;on&#8221; _builder_version=&#8221;4.16&#8243; global_colors_info=&#8221;{}&#8221; button_text_size__hover_enabled=&#8221;off&#8221; button_one_text_size__hover_enabled=&#8221;off&#8221; button_two_text_size__hover_enabled=&#8221;off&#8221; button_text_color__hover_enabled=&#8221;off&#8221; button_one_text_color__hover_enabled=&#8221;off&#8221; button_two_text_color__hover_enabled=&#8221;off&#8221; button_border_width__hover_enabled=&#8221;off&#8221; button_one_border_width__hover_enabled=&#8221;off&#8221; button_two_border_width__hover_enabled=&#8221;off&#8221; button_border_color__hover_enabled=&#8221;off&#8221; button_one_border_color__hover_enabled=&#8221;off&#8221; button_two_border_color__hover_enabled=&#8221;off&#8221; button_border_radius__hover_enabled=&#8221;off&#8221; button_one_border_radius__hover_enabled=&#8221;off&#8221; button_two_border_radius__hover_enabled=&#8221;off&#8221; button_letter_spacing__hover_enabled=&#8221;off&#8221; button_one_letter_spacing__hover_enabled=&#8221;off&#8221; button_two_letter_spacing__hover_enabled=&#8221;off&#8221; button_bg_color__hover_enabled=&#8221;off&#8221; button_one_bg_color__hover_enabled=&#8221;off&#8221; button_two_bg_color__hover_enabled=&#8221;off&#8221;][\/et_pb_contact_field][\/et_pb_contact_form][et_pb_image src=&#8221;https:\/\/aselegk.com\/wp-content\/uploads\/2025\/04\/swish-QR-small.png&#8221; title_text=&#8221;swish-QR-small&#8221; disabled_on=&#8221;on|off|off&#8221; _builder_version=&#8221;4.27.4&#8243; _module_preset=&#8221;default&#8221; width=&#8221;200px&#8221; custom_margin=&#8221;100px||||false|false&#8221; global_colors_info=&#8221;{}&#8221;][\/et_pb_image][\/et_pb_column][\/et_pb_row][\/et_pb_section]<\/p>\n","protected":false},"excerpt":{"rendered":"<p>Medlems-\/ spelr\u00e4ttsavgifter 2024\u00a0 Seniorer \u00f6ver 80 \u00e5r 2000kr Seniorer 3000kr Juniorer 5-21\u00e5r 300kr Ungdom\/yngre vuxen 22-30\u00e5r 1600kr Ungdom\/yngre vuxen 31-40\u00e5r 2500kr N\u00e4rliggande kommuner* 1600kr Utbo inkl 2 greenfee 595kr Distansmedlem utland 995kr Vilande medlem 200kr *N\u00e4rliggande kommuner: Vilhelmina, Dorotea, Junsele, Lycksele, Storuman.Greenfee \u00a0 9 h\u00e5l 18 h\u00e5l Greenfee avgift 200kr 350kr Pay &amp; Play 200kr [&hellip;]<\/p>\n","protected":false},"author":544492,"featured_media":0,"parent":0,"menu_order":0,"comment_status":"closed","ping_status":"closed","template":"","meta":{"_et_pb_use_builder":"on","_et_pb_old_content":"","_et_gb_content_width":"","footnotes":""},"class_list":["post-12026","page","type-page","status-publish","hentry"],"_links":{"self":[{"href":"https:\/\/aselegk.com\/index.php?rest_route=\/wp\/v2\/pages\/12026","targetHints":{"allow":["GET"]}}],"collection":[{"href":"https:\/\/aselegk.com\/index.php?rest_route=\/wp\/v2\/pages"}],"about":[{"href":"https:\/\/aselegk.com\/index.php?rest_route=\/wp\/v2\/types\/page"}],"author":[{"embeddable":true,"href":"https:\/\/aselegk.com\/index.php?rest_route=\/wp\/v2\/users\/544492"}],"replies":[{"embeddable":true,"href":"https:\/\/aselegk.com\/index.php?rest_route=%2Fwp%2Fv2%2Fcomments&post=12026"}],"version-history":[{"count":85,"href":"https:\/\/aselegk.com\/index.php?rest_route=\/wp\/v2\/pages\/12026\/revisions"}],"predecessor-version":[{"id":15441,"href":"https:\/\/aselegk.com\/index.php?rest_route=\/wp\/v2\/pages\/12026\/revisions\/15441"}],"wp:attachment":[{"href":"https:\/\/aselegk.com\/index.php?rest_route=%2Fwp%2Fv2%2Fmedia&parent=12026"}],"curies":[{"name":"wp","href":"https:\/\/api.w.org\/{rel}","templated":true}]}}