{"id":12377,"date":"2021-05-25T18:09:10","date_gmt":"2021-05-25T16:09:10","guid":{"rendered":"https:\/\/aselegk.com\/?page_id=12377"},"modified":"2025-04-15T11:28:07","modified_gmt":"2025-04-15T09:28:07","slug":"boende","status":"publish","type":"page","link":"https:\/\/aselegk.com\/?page_id=12377","title":{"rendered":"Boende"},"content":{"rendered":"<p>[et_pb_section fb_built=&#8221;1&#8243; _builder_version=&#8221;4.16&#8243; _module_preset=&#8221;default&#8221; global_colors_info=&#8221;{}&#8221;][et_pb_row column_structure=&#8221;3_5,2_5&#8243; _builder_version=&#8221;4.16&#8243; _module_preset=&#8221;default&#8221; global_colors_info=&#8221;{}&#8221;][et_pb_column type=&#8221;3_5&#8243; _builder_version=&#8221;4.16&#8243; _module_preset=&#8221;default&#8221; global_colors_info=&#8221;{}&#8221;][et_pb_text _builder_version=&#8221;4.16&#8243; _module_preset=&#8221;default&#8221; global_colors_info=&#8221;{}&#8221;]<\/p>\n<h3><strong>Boende p\u00e5 \u00c5sele Golfklubb<\/strong><\/h3>\n<p>Bo natursk\u00f6nt p\u00e5 stranden till \u00c5ngerman\u00e4lven i husvagn eller i klubbens campingstuga. Bara 50 talet meter fr\u00e5n klubbhuset och entr\u00e9n till banan.<\/p>\n<p>Om du kommit ih\u00e5g fiskesp\u00f6et kan du efter golfen testa fiskelyckan och kanske grilla f\u00e5ngsten vid grillplatsen p\u00e5 campingomr\u00e5det.<\/p>\n<p>[\/et_pb_text][et_pb_gallery gallery_ids=&#8221;12372,12394,12380,12381&#8243; posts_number=&#8221;5&#8243; show_title_and_caption=&#8221;off&#8221; show_pagination=&#8221;off&#8221; _builder_version=&#8221;4.16&#8243; _module_preset=&#8221;default&#8221; border_width_all_image=&#8221;1px&#8221; global_colors_info=&#8221;{}&#8221;][\/et_pb_gallery][\/et_pb_column][et_pb_column type=&#8221;2_5&#8243; _builder_version=&#8221;4.16&#8243; _module_preset=&#8221;default&#8221; global_colors_info=&#8221;{}&#8221;][et_pb_text _builder_version=&#8221;4.27.4&#8243; _module_preset=&#8221;default&#8221; global_colors_info=&#8221;{}&#8221;]<\/p>\n<p><strong>Priser<\/strong><\/p>\n<p><strong>Elstolpe \/ dygn:<\/strong>\u00a0150:-<br \/><strong>Elstolpar \/ dygn greenfeeg\u00e4ster:\u00a0<\/strong>100:-<br \/><strong>Stuga:<br \/><\/strong>100:-\/person (Greenfeeg\u00e4ster)<br \/>200:-\/person (\u00f6vriga)<br \/>OBS! Eget s\u00e4nglinne medtas<\/p>\n<p>(Betalas vid Greenfee facket)<\/p>\n<p>Betalning sker kontant i greenfee l\u00e5dan,<br \/>eller via <strong>Swish nr: 1234 175 915<\/strong><\/p>\n<p>[\/et_pb_text][et_pb_image src=&#8221;https:\/\/aselegk.com\/wp-content\/uploads\/2025\/04\/swish-QR-small.png&#8221; title_text=&#8221;swish-QR-small&#8221; disabled_on=&#8221;on|off|off&#8221; _builder_version=&#8221;4.27.4&#8243; _module_preset=&#8221;default&#8221; width=&#8221;200px&#8221; module_alignment=&#8221;left&#8221; global_colors_info=&#8221;{}&#8221;][\/et_pb_image][\/et_pb_column][\/et_pb_row][\/et_pb_section]<\/p>\n","protected":false},"excerpt":{"rendered":"<p>Boende p\u00e5 \u00c5sele Golfklubb Bo natursk\u00f6nt p\u00e5 stranden till \u00c5ngerman\u00e4lven i husvagn eller i klubbens campingstuga. Bara 50 talet meter fr\u00e5n klubbhuset och entr\u00e9n till banan. Om du kommit ih\u00e5g fiskesp\u00f6et kan du efter golfen testa fiskelyckan och kanske grilla f\u00e5ngsten vid grillplatsen p\u00e5 campingomr\u00e5det.Priser Elstolpe \/ dygn:\u00a0150:-Elstolpar \/ dygn greenfeeg\u00e4ster:\u00a0100:-Stuga:100:-\/person (Greenfeeg\u00e4ster)200:-\/person (\u00f6vriga)OBS! Eget s\u00e4nglinne [&hellip;]<\/p>\n","protected":false},"author":544492,"featured_media":0,"parent":0,"menu_order":0,"comment_status":"closed","ping_status":"closed","template":"","meta":{"_et_pb_use_builder":"on","_et_pb_old_content":"","_et_gb_content_width":"","footnotes":""},"class_list":["post-12377","page","type-page","status-publish","hentry"],"_links":{"self":[{"href":"https:\/\/aselegk.com\/index.php?rest_route=\/wp\/v2\/pages\/12377","targetHints":{"allow":["GET"]}}],"collection":[{"href":"https:\/\/aselegk.com\/index.php?rest_route=\/wp\/v2\/pages"}],"about":[{"href":"https:\/\/aselegk.com\/index.php?rest_route=\/wp\/v2\/types\/page"}],"author":[{"embeddable":true,"href":"https:\/\/aselegk.com\/index.php?rest_route=\/wp\/v2\/users\/544492"}],"replies":[{"embeddable":true,"href":"https:\/\/aselegk.com\/index.php?rest_route=%2Fwp%2Fv2%2Fcomments&post=12377"}],"version-history":[{"count":18,"href":"https:\/\/aselegk.com\/index.php?rest_route=\/wp\/v2\/pages\/12377\/revisions"}],"predecessor-version":[{"id":15322,"href":"https:\/\/aselegk.com\/index.php?rest_route=\/wp\/v2\/pages\/12377\/revisions\/15322"}],"wp:attachment":[{"href":"https:\/\/aselegk.com\/index.php?rest_route=%2Fwp%2Fv2%2Fmedia&parent=12377"}],"curies":[{"name":"wp","href":"https:\/\/api.w.org\/{rel}","templated":true}]}}